{"id":16326,"date":"2025-09-27T18:32:53","date_gmt":"2025-09-27T15:32:53","guid":{"rendered":"https:\/\/eklekt.ee\/www\/njudevs\/spktr25\/?post_type=product&#038;p=16326"},"modified":"2025-10-05T00:20:26","modified_gmt":"2025-10-04T21:20:26","slug":"respirator-moldex-5120","status":"publish","type":"product","link":"https:\/\/spekter.eu\/en\/product\/accessories\/respirators-and-protection-masks\/respirator-moldex-5120\/","title":{"rendered":"Respirator MOLDEX 5120"},"content":{"rendered":"","protected":false},"excerpt":{"rendered":"<p>Ultra compact half mask<br \/>\nMaintenance free and ready for use<br \/>\nWide field of vision<br \/>\nUnrestricted freedom of movement<br \/>\nLightweight and comfortable<br \/>\nFlexFit: automatically adjusts to different face shapes<br \/>\nPleated Filter Technology: low breathing resistance, high durability<br \/>\nTested and certified to EN 405:2001<\/p>\n<p>GASES\/VAPORES ORG\u00c1NICOS p.e.&gt;65\u00baCContra disolventes de Adhesivos, Pinturas, Pinturas en Spray, Pesticidas)P2 R D12 xPART\u00cdCULAS FINAS PELIGROSAS, NIEBLAS A BASE DE AGUA Y ACEITE \/ AEROSOLES, AGENTES BIOL\u00d3GICOS DE RIESGO DEL GRUPO 2Part\u00edculas t\u00f3xicas, \u00f3xido de aluminio, bauxita, borax, polvo de ladrillo, cemento, yeso, \u00f3xido de calcio, part\u00edculas de hormig\u00f3n, granito, part\u00edculas y humo de plomo, moho, part\u00edculas de madera (maderas blandas), humo de \u00f3xido de zinc<\/p>\n","protected":false},"featured_media":16329,"template":"","meta":{"_acf_changed":false,"_seopress_robots_primary_cat":"","_seopress_titles_title":"","_seopress_titles_desc":"","_seopress_robots_index":""},"product_brand":[],"product_cat":[93],"product_tag":[],"class_list":{"0":"post-16326","1":"product","2":"type-product","3":"status-publish","4":"has-post-thumbnail","6":"product_cat-respirators-and-protection-masks","8":"first","9":"outofstock","10":"taxable","11":"shipping-taxable","12":"purchasable","13":"product-type-simple"},"acf":[],"_links":{"self":[{"href":"https:\/\/spekter.eu\/en\/wp-json\/wp\/v2\/product\/16326","targetHints":{"allow":["GET"]}}],"collection":[{"href":"https:\/\/spekter.eu\/en\/wp-json\/wp\/v2\/product"}],"about":[{"href":"https:\/\/spekter.eu\/en\/wp-json\/wp\/v2\/types\/product"}],"version-history":[{"count":0,"href":"https:\/\/spekter.eu\/en\/wp-json\/wp\/v2\/product\/16326\/revisions"}],"wp:featuredmedia":[{"embeddable":true,"href":"https:\/\/spekter.eu\/en\/wp-json\/wp\/v2\/media\/16329"}],"wp:attachment":[{"href":"https:\/\/spekter.eu\/en\/wp-json\/wp\/v2\/media?parent=16326"}],"wp:term":[{"taxonomy":"product_brand","embeddable":true,"href":"https:\/\/spekter.eu\/en\/wp-json\/wp\/v2\/product_brand?post=16326"},{"taxonomy":"product_cat","embeddable":true,"href":"https:\/\/spekter.eu\/en\/wp-json\/wp\/v2\/product_cat?post=16326"},{"taxonomy":"product_tag","embeddable":true,"href":"https:\/\/spekter.eu\/en\/wp-json\/wp\/v2\/product_tag?post=16326"}],"curies":[{"name":"wp","href":"https:\/\/api.w.org\/{rel}","templated":true}]}}