{"id":5389,"date":"2025-09-23T12:04:08","date_gmt":"2025-09-23T09:04:08","guid":{"rendered":"https:\/\/eklekt.ee\/www\/njudevs\/spktr25\/?post_type=product&#038;p=5389"},"modified":"2025-10-10T20:53:33","modified_gmt":"2025-10-10T17:53:33","slug":"mtn-pro-chrome-effect-paint-400ml","status":"publish","type":"product","link":"https:\/\/spekter.eu\/en\/product\/spray-cans\/mtn-pro-special-products\/mtn-pro-handcraft-and-decoration\/mtn-pro-chrome-effect-paint-400ml\/","title":{"rendered":"MTN PRO \u2013 Chrome Effect Paint [400ml]"},"content":{"rendered":"<p><iframe loading=\"lazy\" title=\"Decoraci\u00f3n navide\u00f1a con MTN PRO Efectos Met\u00e1licos\" width=\"500\" height=\"281\" src=\"https:\/\/www.youtube.com\/embed\/QSJntVE6QC8?feature=oembed\" frameborder=\"0\" allow=\"accelerometer; autoplay; clipboard-write; encrypted-media; gyroscope; picture-in-picture; web-share\" referrerpolicy=\"strict-origin-when-cross-origin\" allowfullscreen><\/iframe><\/p>\n","protected":false},"excerpt":{"rendered":"<p>Very fast drying metallic paint formulated with extremely high quality resins and metallic, inorganic pigments.<\/p>\n<p>-Very fast drying<br \/>\n-Good covering capability<br \/>\n-Good adhesion<br \/>\n-Does not contain lead nor other heavy metals<br \/>\n-Easy to apply and repaint<br \/>\n-It does not have anti-corrosive properties<br \/>\n-Great metallic effect<br \/>\n-High decorative power<br \/>\n-Not resist rubbing or weather<\/p>\n","protected":false},"featured_media":5392,"template":"","meta":{"_acf_changed":false,"_seopress_robots_primary_cat":"","_seopress_titles_title":"","_seopress_titles_desc":"","_seopress_robots_index":""},"product_brand":[],"product_cat":[41],"product_tag":[184],"class_list":{"0":"post-5389","1":"product","2":"type-product","3":"status-publish","4":"has-post-thumbnail","6":"product_cat-mtn-pro-handcraft-and-decoration","7":"product_tag-mtn-products","9":"first","10":"instock","11":"taxable","12":"shipping-taxable","13":"product-type-grouped"},"acf":[],"_links":{"self":[{"href":"https:\/\/spekter.eu\/en\/wp-json\/wp\/v2\/product\/5389","targetHints":{"allow":["GET"]}}],"collection":[{"href":"https:\/\/spekter.eu\/en\/wp-json\/wp\/v2\/product"}],"about":[{"href":"https:\/\/spekter.eu\/en\/wp-json\/wp\/v2\/types\/product"}],"version-history":[{"count":0,"href":"https:\/\/spekter.eu\/en\/wp-json\/wp\/v2\/product\/5389\/revisions"}],"wp:featuredmedia":[{"embeddable":true,"href":"https:\/\/spekter.eu\/en\/wp-json\/wp\/v2\/media\/5392"}],"wp:attachment":[{"href":"https:\/\/spekter.eu\/en\/wp-json\/wp\/v2\/media?parent=5389"}],"wp:term":[{"taxonomy":"product_brand","embeddable":true,"href":"https:\/\/spekter.eu\/en\/wp-json\/wp\/v2\/product_brand?post=5389"},{"taxonomy":"product_cat","embeddable":true,"href":"https:\/\/spekter.eu\/en\/wp-json\/wp\/v2\/product_cat?post=5389"},{"taxonomy":"product_tag","embeddable":true,"href":"https:\/\/spekter.eu\/en\/wp-json\/wp\/v2\/product_tag?post=5389"}],"curies":[{"name":"wp","href":"https:\/\/api.w.org\/{rel}","templated":true}]}}